{"id":8333,"date":"2025-02-28T12:53:41","date_gmt":"2025-02-28T12:53:41","guid":{"rendered":"https:\/\/royaltyofbosnia.com\/?page_id=8333"},"modified":"2025-02-28T13:00:31","modified_gmt":"2025-02-28T13:00:31","slug":"sigurno-placanje","status":"publish","type":"page","link":"https:\/\/royaltyofbosnia.com\/en\/sigurno-placanje\/","title":{"rendered":"Sigurno pla\u0107anje"},"content":{"rendered":"<h2 class=\"wp-block-heading\">1. Sigurnost pla\u0107anja kreditnim karticama<\/h2>\n\n\n\n<p>Tajnost Va\u0161ih podataka je za\u0161ti\u0107ena i osigurana\u00a0upotrebom\u00a0SSL enkripcije. Stranice za naplatu putem interneta osigurane su kori\u0161tenjem Secure Socket Layer (SSL) protokola sa 128-bitnom enkripcijom podataka. SSL enkripcija je postupak \u0161ifriranja podataka radi sprije\u010davanja neovla\u0161tenog pristupa prilikom njihovog prijenosa. Time je omogu\u0107en siguran prijenos informacija te onemogu\u0107en nedozvoljen pristup podacima prilikom komunikacije izme\u0111u korisnikovog ra\u010dunala i WebPay servisa, te obratno. WebPay servis i financijske ustanove razmjenjuju podatke upotrebom virtualne privatne mre\u017ee (VPN), koja je za\u0161ti\u0107ena od neautoriziranog pristupa. Monri Payment Gateway je certificiran prema PCI DSS Level 1 sigurnosnom standardu propisanom Visa i MasterCard pravilima. Trgovac ne pohranjuje brojeve kreditnih kartica i brojevi nisu dostupni neovla\u0161tenim osobama.<\/p>\n\n\n\n<h2 class=\"wp-block-heading\">2. Izjava o privatnosti<\/h2>\n\n\n\n<p>Obavezujemo se pru\u017eati za\u0161titu\u00a0li\u010dnim podacima kupaca, na na\u010din da prikupljamo samo nu\u017ene, osnovne podatke o kupcima \/ korisnicima koji su nu\u017eni za ispunjenje na\u0161ih obveza; informi\u0161emo kupce o na\u010dinu kori\u0161tenja prikupljenih podataka, redovno dajemo kupcima mogu\u0107nost izbora o upotrebi njihovih podataka, uklju\u010duju\u0107i mogu\u0107nost odluke \u017eele li ili ne da se njihovo ime ukloni s lista koje se koriste za marketin\u0161ke kampanje. Svi se podaci o korisnicima strogo \u010duvaju i dostupni su samo\u00a0uposlenicima kojima su ti podaci nu\u017eni za obavljanje posla. Svi na\u0161i\u00a0uposlenici i poslovni partneri odgovorni su za po\u0161tivanje na\u010dela za\u0161tite privatnosti.<\/p>\n\n\n\n<h2 class=\"wp-block-heading\">3. Uslovi kupovine<\/h2>\n\n\n\n<p>The travel organizer has the right to collect expenses from the Traveler in the name of travel reservation, accommodation, plane, boat or bus ticket, ticket purchase or visa assistance.<\/p>\n\n\n\n<h2 class=\"wp-block-heading\">Trips organized by other organizers\/tour operators.<\/h2>\n\n\n\n<p>Ovim se uslovima utvr\u0111uje postupak naru\u010divanja, pla\u0107anja, isporuke te reklamacija proizvoda koji se nalaze na stranci\u00a0<a href=\"https:\/\/royaltyofbosnia.com\/en\/\">royaltyofbosnia.com<\/a>. Prodava\u010d (u daljem tekstu) je kompanija\u00a0<a href=\"https:\/\/royaltyofbosnia.com\/en\/\">Royalty of Bosnia d.o.o.<\/a>\u00a0Sarajevo. Kupcem se smatra svaki posjetilac stranice\u00a0<a href=\"https:\/\/royaltyofbosnia.com\/en\/\">www.royaltyofbosnia.com<\/a>\u00a0koji popuni obrazac i izvr\u0161i online pla\u0107anje putem kreditnih kartica ili potvrdi narudzbu na neki trugi na\u010din pla\u0107anja.<\/p>\n\n\n\n<h2 class=\"wp-block-heading\">4. Naru\u010divanje<\/h2>\n\n\n\n<p>Kupac naru\u010duje proizvod ili proizvode putem elektronskog obrasca narud\u017ebe. Kupcem se smatra svaka osoba koja elektronski naru\u010di barem jedan proizvod, popuni tra\u017eene podatke i po\u0161alje narud\u017ebu. Sve cijene izra\u017eene su u Konvertibilnim markama, s PDV-om.<br>Roba se naru\u010duje elektronskim oblikom, pritiskom na odre\u0111eni proizvod te spremanjem istog u ko\u0161aricu. Roba se smatra naru\u010denom u trenutku kada kupac odabere te potvrdi na\u010din pla\u0107anja.<\/p>\n\n\n\n<p><\/p>\n\n\n\n<h2 class=\"wp-block-heading\">5.\u00a0Pla\u0107anje<\/h2>\n\n\n\n<p>Sve cijene izra\u017eene su u Konvertibilnim markama (KM), sa PDV-om i primarno su iskazane za jednokratno pla\u0107anje.<br>Naru\u010deni proizvodi ili usluge pla\u0107aju se online jednom od kreditnih kartica: MasterCard, Maestro ili Visa.<\/p>\n\n\n\n<p><\/p>\n\n\n\n<h2 class=\"wp-block-heading\">6. Op\u0107enito<\/h2>\n\n\n\n<p>Royalty of Bosnia\u00a0d.o.o. zadr\u017eava pravo na izmjenu ovih uslova\u00a0i pravila. Sve promjene primijenit \u0107e se na kori\u0161tenje royaltyofbosnia.com stranice. Kupac snosi odgovornost za ta\u010dnost i potpunost unesenih podataka prilikom kupovine.<\/p>\n\n\n\n<p>Usluge koje Vam pru\u017ea\u00a0<a href=\"https:\/\/royaltyofbosnia.com\/en\/\">www.royaltyofbosnia.com<\/a>\u00a0Internet prodavnica ne uklju\u010duje tro\u0161kove koje snosite koriste\u0107i ra\u010dunarsku opremu i usluge za pristup na\u0161im stranicama.\u00a0Royalty of Bosnia d.o.o. nije odgovorna za tro\u0161kove telefona, Internet prometa ili bilo koje druge tro\u0161kove do kojih mo\u017ee do\u0107i.<\/p>\n\n\n\n<p>Iako Vam Royalty of Bosnia d.o.o. nastoji dati najbolju mogu\u0107u ponudu proizvoda i usluga, Royalty of Bosnia d.o.o. ne mo\u017ee garantirati da \u0107e usluge na\u00a0<a href=\"https:\/\/royaltyofbosnia.com\/en\/\">www.royaltyofbosnia.com<\/a>\u00a0odgovarati Va\u0161im potrebama. Web SHOP\u00a0<a href=\"https:\/\/royaltyofbosnia.com\/en\/\">www.royaltyofbosnia.com<\/a>\u00a0tako\u0111er ne mo\u017ee garantirati da \u0107e usluga biti bez gre\u0161aka. Ukoliko do\u0111e do gre\u0161ke, molimo Vas da je prijavite na\u0161em Kontakt centru ili na email\u00a0<strong>info@royaltyofbosnia.com<\/strong>\u00a0kako bismo je otklonili na najbr\u017ei mogu\u0107i na\u010din.<\/p>\n\n\n\n<p><\/p>","protected":false},"excerpt":{"rendered":"<p>1. Sigurnost pla\u0107anja kreditnim karticama Tajnost Va\u0161ih podataka je za\u0161ti\u0107ena i osigurana\u00a0upotrebom\u00a0SSL enkripcije. Stranice za naplatu putem interneta osigurane su kori\u0161tenjem Secure Socket Layer (SSL) protokola sa 128-bitnom enkripcijom podataka. SSL enkripcija je postupak \u0161ifriranja podataka radi sprije\u010davanja neovla\u0161tenog pristupa prilikom njihovog prijenosa. Time je omogu\u0107en siguran prijenos informacija te onemogu\u0107en nedozvoljen pristup podacima prilikom [&hellip;]<\/p>","protected":false},"author":1,"featured_media":0,"parent":0,"menu_order":0,"comment_status":"closed","ping_status":"closed","template":"","meta":{"footnotes":""},"class_list":["post-8333","page","type-page","status-publish","hentry"],"_links":{"self":[{"href":"https:\/\/royaltyofbosnia.com\/en\/wp-json\/wp\/v2\/pages\/8333","targetHints":{"allow":["GET"]}}],"collection":[{"href":"https:\/\/royaltyofbosnia.com\/en\/wp-json\/wp\/v2\/pages"}],"about":[{"href":"https:\/\/royaltyofbosnia.com\/en\/wp-json\/wp\/v2\/types\/page"}],"author":[{"embeddable":true,"href":"https:\/\/royaltyofbosnia.com\/en\/wp-json\/wp\/v2\/users\/1"}],"replies":[{"embeddable":true,"href":"https:\/\/royaltyofbosnia.com\/en\/wp-json\/wp\/v2\/comments?post=8333"}],"version-history":[{"count":3,"href":"https:\/\/royaltyofbosnia.com\/en\/wp-json\/wp\/v2\/pages\/8333\/revisions"}],"predecessor-version":[{"id":8337,"href":"https:\/\/royaltyofbosnia.com\/en\/wp-json\/wp\/v2\/pages\/8333\/revisions\/8337"}],"wp:attachment":[{"href":"https:\/\/royaltyofbosnia.com\/en\/wp-json\/wp\/v2\/media?parent=8333"}],"curies":[{"name":"wp","href":"https:\/\/api.w.org\/{rel}","templated":true}]}}